{"id":10,"date":"2012-04-23T15:25:16","date_gmt":"2012-04-23T15:25:16","guid":{"rendered":"http:\/\/glub.sareanzehar.eu\/?page_id=2"},"modified":"2013-02-14T22:18:58","modified_gmt":"2013-02-14T21:18:58","slug":"sample-page","status":"publish","type":"page","link":"https:\/\/www.glub.biz\/?page_id=10","title":{"rendered":"\u00bfQuienes somos?"},"content":{"rendered":"<p>Somos un grupo de personas que vivimos en Bizkaia y que nos une nuestra afici\u00f3n por GNU\/Linux. Pensamos que la mejor forma de disfrutar de \u00e9l es en compa\u00f1\u00eda, as\u00ed que decidimos juntarnos y de esta forma compartir conocimientos, ideas y recursos.<\/p>\n<p>Todo empez\u00f3 por un llamamiento a trav\u00e9s de Internet a todos aquellos usuarios de Linux de Bilbao y alrededores. Entonces nos juntamos tres personas a las que se nos han ido uniendo paulatinamente el resto de los que ahora componemos el GLUB.<\/p>\n<p>Cualquiera puede ser miembro de Glub, tan solo se pide ganas de aprender y ayudar. Para ser miembros solo\u00a0ten\u00e9is\u00a0que apuntaros a la lista de correo de Glub.<\/p>\n<p>Hemos tenido varios locales alquilados para desarrollar actividades pero las cosas no salieron como\u00a0esper\u00e1bamos, dado el alto coste que\u00a0supon\u00eda\u00a0mantener un local y la falta de tiempo que tenia la gente, aun\u00a0as\u00ed\u00a0no descartamos la idea de volver a alquilar uno en un futuro, de momento centraremos nuestra actividad a\u00a0trav\u00e9s\u00a0de\u00a0Internet\u00a0y de las quedadas que realizaremos\u00a0espec\u00edficamente, no dudes en asistir a ellas.<\/p>\n<p>&nbsp;<\/p>\n","protected":false},"excerpt":{"rendered":"<p>Somos un grupo de personas que vivimos en Bizkaia y que nos une nuestra afici\u00f3n por GNU\/Linux. Pensamos que la mejor forma de disfrutar de \u00e9l es en compa\u00f1\u00eda, as\u00ed que decidimos juntarnos y de esta forma compartir conocimientos, ideas &hellip; <a href=\"https:\/\/www.glub.biz\/?page_id=10\">Sigue leyendo <span class=\"meta-nav\">&rarr;<\/span><\/a><\/p>\n","protected":false},"author":2,"featured_media":0,"parent":0,"menu_order":1,"comment_status":"closed","ping_status":"open","template":"","meta":{"footnotes":""},"class_list":["post-10","page","type-page","status-publish","hentry"],"_links":{"self":[{"href":"https:\/\/www.glub.biz\/index.php?rest_route=\/wp\/v2\/pages\/10","targetHints":{"allow":["GET"]}}],"collection":[{"href":"https:\/\/www.glub.biz\/index.php?rest_route=\/wp\/v2\/pages"}],"about":[{"href":"https:\/\/www.glub.biz\/index.php?rest_route=\/wp\/v2\/types\/page"}],"author":[{"embeddable":true,"href":"https:\/\/www.glub.biz\/index.php?rest_route=\/wp\/v2\/users\/2"}],"replies":[{"embeddable":true,"href":"https:\/\/www.glub.biz\/index.php?rest_route=%2Fwp%2Fv2%2Fcomments&post=10"}],"version-history":[{"count":4,"href":"https:\/\/www.glub.biz\/index.php?rest_route=\/wp\/v2\/pages\/10\/revisions"}],"predecessor-version":[{"id":279,"href":"https:\/\/www.glub.biz\/index.php?rest_route=\/wp\/v2\/pages\/10\/revisions\/279"}],"wp:attachment":[{"href":"https:\/\/www.glub.biz\/index.php?rest_route=%2Fwp%2Fv2%2Fmedia&parent=10"}],"curies":[{"name":"wp","href":"https:\/\/api.w.org\/{rel}","templated":true}]}}